{"id":2821,"date":"2019-07-03T10:11:51","date_gmt":"2019-07-03T08:11:51","guid":{"rendered":"https:\/\/demo.makeuporganizer.cz\/?post_type=product&#038;p=2821"},"modified":"2026-02-11T10:00:10","modified_gmt":"2026-02-11T08:00:10","slug":"kosmeticky-organizer-matylda-new","status":"publish","type":"product","link":"https:\/\/www.makeuporganizer.cz\/?product=kosmeticky-organizer-matylda-new","title":{"rendered":"KOSMETICK\u00dd ORGANIZ\u00c9R MATYLDA NEW"},"content":{"rendered":"","protected":false},"excerpt":{"rendered":"<p><b><u>O produktu<\/u><\/b><b>: <\/b>Tento kosmetick\u00fd organiz\u00e9r je ur\u010den pro skladov\u00e1n\u00ed dekorativn\u00ed kosmetiky, \u0161perk\u016f, bi\u017euterie, l\u00e9k\u016f, kancel\u00e1\u0159sk\u00fdch pot\u0159eb a jin\u00e9. \u010cir\u00fd masivn\u00ed akrylov\u00fd organiz\u00e9r slou\u017e\u00ed pro p\u0159ehledn\u00e9 a jednoduch\u00e9 organizov\u00e1n\u00ed. Vrchn\u00ed d\u00edl m\u00e1 v\u00fdklopn\u00fd syst\u00e9m. P\u011bt \u0161upl\u00edk\u016f, je nov\u011b os\u00e1zeno \u00fachytkami z\u00a0pr\u00e9miov\u00e9ho akrylu, kter\u00e9 dod\u00e1vaj\u00ed u\u017e tak n\u00e1dhern\u00e9mu kousku nutnou d\u00e1vku luxusu. Organiz\u00e9r je poti\u0161t\u011bn logem na\u0161\u00ed spole\u010dnosti . N\u00e1pl\u0148 nen\u00ed sou\u010d\u00e1st\u00ed produktu.<\/p>\n<p><b><u>Velikost<\/u><\/b><b>: D 24 x H 24 x V 30 cm, 5ks vysouvac\u00edch \u0161upl\u00edk\u016f ,1Ks s\u00a0v\u00fdklopn\u00fdm syst\u00e9mem<\/b><\/p>\n","protected":false},"featured_media":2823,"comment_status":"open","ping_status":"closed","template":"","meta":{"_et_pb_use_builder":"","_et_pb_old_content":"","_et_gb_content_width":""},"_links":{"self":[{"href":"https:\/\/www.makeuporganizer.cz\/index.php?rest_route=\/wp\/v2\/product\/2821"}],"collection":[{"href":"https:\/\/www.makeuporganizer.cz\/index.php?rest_route=\/wp\/v2\/product"}],"about":[{"href":"https:\/\/www.makeuporganizer.cz\/index.php?rest_route=\/wp\/v2\/types\/product"}],"replies":[{"embeddable":true,"href":"https:\/\/www.makeuporganizer.cz\/index.php?rest_route=%2Fwp%2Fv2%2Fcomments&post=2821"}],"wp:featuredmedia":[{"embeddable":true,"href":"https:\/\/www.makeuporganizer.cz\/index.php?rest_route=\/wp\/v2\/media\/2823"}],"wp:attachment":[{"href":"https:\/\/www.makeuporganizer.cz\/index.php?rest_route=%2Fwp%2Fv2%2Fmedia&parent=2821"}],"curies":[{"name":"wp","href":"https:\/\/api.w.org\/{rel}","templated":true}]}}