{"id":279,"date":"2017-01-26T22:28:37","date_gmt":"2017-01-26T20:28:37","guid":{"rendered":"https:\/\/www.makeuporganizer.cz\/?post_type=product&#038;p=279"},"modified":"2024-08-10T11:26:01","modified_gmt":"2024-08-10T09:26:01","slug":"beata","status":"publish","type":"product","link":"https:\/\/www.makeuporganizer.cz\/?product=beata","title":{"rendered":"Kosmetick\u00fd organiz\u00e9r BEATA NEW"},"content":{"rendered":"","protected":false},"excerpt":{"rendered":"<p><u>O produktu<\/u>: Tento kosmetick\u00fd organiz\u00e9r je ur\u010den pro skladov\u00e1n\u00ed dekorativn\u00ed kosmetiky, \u0161perk\u016f, bi\u017euterie, l\u00e9k\u016f, kancel\u00e1\u0159sk\u00fdch pot\u0159eb a jin\u00e9. \u010cir\u00fd masivn\u00ed akrylov\u00fd organiz\u00e9r slou\u017e\u00ed pro p\u0159ehledn\u00e9 a jednoduch\u00e9 organizov\u00e1n\u00ed. N\u00e1pl\u0148 nen\u00ed sou\u010d\u00e1st\u00ed produktu.<\/p>\n<p><u>Velikost:<\/u> D 27 x H 17 x V 20 cm, obsahuje 2 ks \u0161upl\u00edk\u016f (v\u00fd\u0161ka \u0161upl\u00edku 5,5 cm), jeden vrchn\u00ed po\u0159ada\u010d (vysok\u00fd 5 cm a rozd\u011blen\u00fd na 12 ks p\u0159ihr\u00e1dek o velikosti 6,5 x 5 cm) se \u0161upl\u00edkem (v\u00fd\u0161ka \u0161upl\u00edku 2,3 cm)<\/p>\n","protected":false},"featured_media":2979,"comment_status":"open","ping_status":"closed","template":"","meta":{"_et_pb_use_builder":"","_et_pb_old_content":"","_et_gb_content_width":""},"_links":{"self":[{"href":"https:\/\/www.makeuporganizer.cz\/index.php?rest_route=\/wp\/v2\/product\/279"}],"collection":[{"href":"https:\/\/www.makeuporganizer.cz\/index.php?rest_route=\/wp\/v2\/product"}],"about":[{"href":"https:\/\/www.makeuporganizer.cz\/index.php?rest_route=\/wp\/v2\/types\/product"}],"replies":[{"embeddable":true,"href":"https:\/\/www.makeuporganizer.cz\/index.php?rest_route=%2Fwp%2Fv2%2Fcomments&post=279"}],"wp:featuredmedia":[{"embeddable":true,"href":"https:\/\/www.makeuporganizer.cz\/index.php?rest_route=\/wp\/v2\/media\/2979"}],"wp:attachment":[{"href":"https:\/\/www.makeuporganizer.cz\/index.php?rest_route=%2Fwp%2Fv2%2Fmedia&parent=279"}],"curies":[{"name":"wp","href":"https:\/\/api.w.org\/{rel}","templated":true}]}}