{"id":137,"date":"2017-01-06T15:03:34","date_gmt":"2017-01-06T13:03:34","guid":{"rendered":"https:\/\/www.makeuporganizer.cz\/?post_type=product&#038;p=137"},"modified":"2024-06-04T09:22:17","modified_gmt":"2024-06-04T07:22:17","slug":"claudia","status":"publish","type":"product","link":"https:\/\/www.makeuporganizer.cz\/?product=claudia","title":{"rendered":"Kosmetick\u00fd organiz\u00e9r CLAUDIA"},"content":{"rendered":"","protected":false},"excerpt":{"rendered":"<p>Tento kosmetick\u00fd organiz\u00e9r je ur\u010den pro rt\u011bnky. Vhodn\u00e9 do z\u00e1suvek i na st\u016fl, pro p\u0159ehledn\u00e9 a jednoduch\u00e9 organizov\u00e1n\u00ed. Vyrobeno z odoln\u00e9ho \u010dir\u00e9ho akrylu tak, aby odpov\u00eddal jak\u00e9mukoliv interi\u00e9ru. N\u00e1pl\u0148 nen\u00ed sou\u010d\u00e1st\u00ed produktu.<\/p>\n<p><u>Velikost<\/u>: D 22 x H 9 x V 3,5 cm\u00a0 24 ks jednotliv\u00fdch odd\u011blen\u00ed<\/p>\n","protected":false},"featured_media":1360,"comment_status":"open","ping_status":"closed","template":"","meta":{"_et_pb_use_builder":"","_et_pb_old_content":"","_et_gb_content_width":""},"_links":{"self":[{"href":"https:\/\/www.makeuporganizer.cz\/index.php?rest_route=\/wp\/v2\/product\/137"}],"collection":[{"href":"https:\/\/www.makeuporganizer.cz\/index.php?rest_route=\/wp\/v2\/product"}],"about":[{"href":"https:\/\/www.makeuporganizer.cz\/index.php?rest_route=\/wp\/v2\/types\/product"}],"replies":[{"embeddable":true,"href":"https:\/\/www.makeuporganizer.cz\/index.php?rest_route=%2Fwp%2Fv2%2Fcomments&post=137"}],"wp:featuredmedia":[{"embeddable":true,"href":"https:\/\/www.makeuporganizer.cz\/index.php?rest_route=\/wp\/v2\/media\/1360"}],"wp:attachment":[{"href":"https:\/\/www.makeuporganizer.cz\/index.php?rest_route=%2Fwp%2Fv2%2Fmedia&parent=137"}],"curies":[{"name":"wp","href":"https:\/\/api.w.org\/{rel}","templated":true}]}}