{"id":136,"date":"2017-01-06T15:02:24","date_gmt":"2017-01-06T13:02:24","guid":{"rendered":"https:\/\/www.makeuporganizer.cz\/?post_type=product&#038;p=136"},"modified":"2024-07-19T21:25:20","modified_gmt":"2024-07-19T19:25:20","slug":"laura","status":"publish","type":"product","link":"https:\/\/www.makeuporganizer.cz\/?product=laura","title":{"rendered":"Kosmetick\u00fd organiz\u00e9r LAURA"},"content":{"rendered":"","protected":false},"excerpt":{"rendered":"<p>Tento kosmetick\u00fd organiz\u00e9r je ur\u010den na pudry, tv\u00e1\u0159enky a jin\u00e9 (nap\u0159. M.A.C., TOO FACED, URBAN DECAY, L\u00b4OR\u00c9AL, ASTOR, RIMMEL, CATRICE, ESSENCE, DERMACOL, NYX atd.). Vyrobeno z odoln\u00e9ho \u010dir\u00e9ho akrylu tak, aby odpov\u00eddal jak\u00e9mukoliv interi\u00e9ru. Pro p\u0159ehledn\u00e9 a jednoduch\u00e9 organizov\u00e1n\u00ed. N\u00e1pl\u0148 nen\u00ed sou\u010d\u00e1st\u00ed produktu.<\/p>\n<p><u>Velikost<\/u>: D 22 x H 9 x V 4,5 cm, 8 p\u0159ihr\u00e1dek (\u0161irok\u00e1 2,5 cm)<\/p>\n","protected":false},"featured_media":2029,"comment_status":"open","ping_status":"closed","template":"","meta":{"_et_pb_use_builder":"","_et_pb_old_content":"","_et_gb_content_width":""},"_links":{"self":[{"href":"https:\/\/www.makeuporganizer.cz\/index.php?rest_route=\/wp\/v2\/product\/136"}],"collection":[{"href":"https:\/\/www.makeuporganizer.cz\/index.php?rest_route=\/wp\/v2\/product"}],"about":[{"href":"https:\/\/www.makeuporganizer.cz\/index.php?rest_route=\/wp\/v2\/types\/product"}],"replies":[{"embeddable":true,"href":"https:\/\/www.makeuporganizer.cz\/index.php?rest_route=%2Fwp%2Fv2%2Fcomments&post=136"}],"wp:featuredmedia":[{"embeddable":true,"href":"https:\/\/www.makeuporganizer.cz\/index.php?rest_route=\/wp\/v2\/media\/2029"}],"wp:attachment":[{"href":"https:\/\/www.makeuporganizer.cz\/index.php?rest_route=%2Fwp%2Fv2%2Fmedia&parent=136"}],"curies":[{"name":"wp","href":"https:\/\/api.w.org\/{rel}","templated":true}]}}