{"id":135,"date":"2017-01-06T15:01:10","date_gmt":"2017-01-06T13:01:10","guid":{"rendered":"https:\/\/www.makeuporganizer.cz\/?post_type=product&#038;p=135"},"modified":"2024-01-02T17:38:54","modified_gmt":"2024-01-02T15:38:54","slug":"elisa","status":"publish","type":"product","link":"https:\/\/www.makeuporganizer.cz\/?product=elisa","title":{"rendered":"Kosmetick\u00fd organiz\u00e9r ELISA"},"content":{"rendered":"","protected":false},"excerpt":{"rendered":"<p>Tento kosmetick\u00fd organiz\u00e9r je ur\u010den pro multifunk\u010dn\u00ed vyu\u017eit\u00ed. \u010cir\u00fd akrylov\u00fd organiz\u00e9r se d\u00e1 vyu\u017e\u00edt pro tu\u017eky na o\u010di, rty, lesky na rty, \u0159asenky, \u0161t\u011btce na makeup, tv\u00e1\u0159enky (nap\u0159. BENEFIT atd.), pudry, ale i kancel\u00e1\u0159sk\u00e9 pot\u0159eby a jin\u00e9. Jednoduch\u00fd design \u2013 90 stup\u0148ov\u00e9 rohy pro maxim\u00e1ln\u00ed vyu\u017eit\u00ed prostoru z\u00e1suvky. D\u00e1le skv\u011bl\u00e9 vyu\u017eit\u00ed pro koupelnov\u00fd n\u00e1bytek, kancel\u00e1\u0159e, pult nebo v z\u00e1suvk\u00e1ch. Vyrobeno z odoln\u00e9ho \u010dir\u00e9ho akrylu tak, aby odpov\u00eddal jak\u00e9mukoliv interi\u00e9ru. Pro p\u0159ehledn\u00e9 a jednoduch\u00e9 organizov\u00e1n\u00ed. N\u00e1pl\u0148 nen\u00ed sou\u010d\u00e1st\u00ed produktu.<\/p>\n<p><u>Velikost<\/u>: D 22,9 x H 7,6 x V 5,1 cm<\/p>\n","protected":false},"featured_media":2031,"comment_status":"open","ping_status":"closed","template":"","meta":{"_et_pb_use_builder":"","_et_pb_old_content":"","_et_gb_content_width":""},"_links":{"self":[{"href":"https:\/\/www.makeuporganizer.cz\/index.php?rest_route=\/wp\/v2\/product\/135"}],"collection":[{"href":"https:\/\/www.makeuporganizer.cz\/index.php?rest_route=\/wp\/v2\/product"}],"about":[{"href":"https:\/\/www.makeuporganizer.cz\/index.php?rest_route=\/wp\/v2\/types\/product"}],"replies":[{"embeddable":true,"href":"https:\/\/www.makeuporganizer.cz\/index.php?rest_route=%2Fwp%2Fv2%2Fcomments&post=135"}],"wp:featuredmedia":[{"embeddable":true,"href":"https:\/\/www.makeuporganizer.cz\/index.php?rest_route=\/wp\/v2\/media\/2031"}],"wp:attachment":[{"href":"https:\/\/www.makeuporganizer.cz\/index.php?rest_route=%2Fwp%2Fv2%2Fmedia&parent=135"}],"curies":[{"name":"wp","href":"https:\/\/api.w.org\/{rel}","templated":true}]}}