{"id":118,"date":"2017-01-06T14:41:38","date_gmt":"2017-01-06T12:41:38","guid":{"rendered":"https:\/\/www.makeuporganizer.cz\/?post_type=product&#038;p=118"},"modified":"2025-04-10T23:37:29","modified_gmt":"2025-04-10T21:37:29","slug":"carla","status":"publish","type":"product","link":"https:\/\/www.makeuporganizer.cz\/?product=carla","title":{"rendered":"Kosmetick\u00fd organiz\u00e9r CARLA"},"content":{"rendered":"","protected":false},"excerpt":{"rendered":"<p>Tento kosmetick\u00fd organiz\u00e9r\u00a0je ur\u010den pro lesky na rty, tekut\u00e9 rt\u011bnky, \u0159asenky a jin\u00e9. Vhodn\u00e9 do vy\u0161\u0161\u00edch z\u00e1suvek i na st\u016fl, pro p\u0159ehledn\u00e9 a jednoduch\u00e9 organizov\u00e1n\u00ed. Vyrobeno z odoln\u00e9ho \u010dir\u00e9ho akrylu tak, aby odpov\u00eddal jak\u00e9mukoliv interi\u00e9ru. N\u00e1pl\u0148 nen\u00ed sou\u010d\u00e1st\u00ed produktu.<\/p>\n<p><u>Velikost<\/u>: D 22 x H 8,9 x V 7,6 cm, \u00a024 ks jednotliv\u00fdch odd\u011blen\u00ed<\/p>\n","protected":false},"featured_media":2037,"comment_status":"open","ping_status":"closed","template":"","meta":{"_et_pb_use_builder":"","_et_pb_old_content":"","_et_gb_content_width":""},"_links":{"self":[{"href":"https:\/\/www.makeuporganizer.cz\/index.php?rest_route=\/wp\/v2\/product\/118"}],"collection":[{"href":"https:\/\/www.makeuporganizer.cz\/index.php?rest_route=\/wp\/v2\/product"}],"about":[{"href":"https:\/\/www.makeuporganizer.cz\/index.php?rest_route=\/wp\/v2\/types\/product"}],"replies":[{"embeddable":true,"href":"https:\/\/www.makeuporganizer.cz\/index.php?rest_route=%2Fwp%2Fv2%2Fcomments&post=118"}],"wp:featuredmedia":[{"embeddable":true,"href":"https:\/\/www.makeuporganizer.cz\/index.php?rest_route=\/wp\/v2\/media\/2037"}],"wp:attachment":[{"href":"https:\/\/www.makeuporganizer.cz\/index.php?rest_route=%2Fwp%2Fv2%2Fmedia&parent=118"}],"curies":[{"name":"wp","href":"https:\/\/api.w.org\/{rel}","templated":true}]}}