{"id":95,"date":"2016-12-27T16:34:56","date_gmt":"2016-12-27T14:34:56","guid":{"rendered":"https:\/\/www.makeuporganizer.cz\/?page_id=95"},"modified":"2019-06-25T15:11:56","modified_gmt":"2019-06-25T13:11:56","slug":"doprava-a-platba","status":"publish","type":"page","link":"https:\/\/www.makeuporganizer.cz\/?page_id=95","title":{"rendered":"Doprava a platba"},"content":{"rendered":"<p>[et_pb_section fb_built=&#8221;1&#8243; admin_label=&#8221;section&#8221; _builder_version=&#8221;3.25.2&#8243; background_color=&#8221;#f7f7f7&#8243; custom_padding=&#8221;0px|||||&#8221;][et_pb_row custom_padding=&#8221;35px|||||&#8221; _builder_version=&#8221;3.25&#8243;][et_pb_column type=&#8221;4_4&#8243; _builder_version=&#8221;3.25&#8243; custom_padding=&#8221;|||&#8221; custom_padding__hover=&#8221;|||&#8221;][et_pb_text _builder_version=&#8221;3.25.2&#8243; text_font=&#8221;Montserrat||||||||&#8221; text_text_color=&#8221;#333333&#8243; text_font_size=&#8221;25px&#8221; custom_margin=&#8221;30px||&#8221; animation_style=&#8221;slide&#8221; animation_direction=&#8221;left&#8221; animation_duration=&#8221;1300ms&#8221; animation_intensity_slide=&#8221;10%&#8221;]<\/p>\n<p style=\"text-align: center;\">DOPRAVA A PLATBA<\/p>\n<p>[\/et_pb_text][et_pb_divider color=&#8221;#d4a793&#8243; divider_weight=&#8221;4px&#8221; _builder_version=&#8221;3.24.1&#8243; width=&#8221;7%&#8221; module_alignment=&#8221;center&#8221; animation_style=&#8221;slide&#8221; animation_direction=&#8221;left&#8221; animation_duration=&#8221;1300ms&#8221; animation_intensity_slide=&#8221;10%&#8221;][\/et_pb_divider][\/et_pb_column][\/et_pb_row][et_pb_row _builder_version=&#8221;3.25.2&#8243; custom_padding=&#8221;7px|||||&#8221;][et_pb_column type=&#8221;4_4&#8243; _builder_version=&#8221;3.25.2&#8243;][et_pb_text _builder_version=&#8221;3.25.2&#8243; background_color=&#8221;#ffffff&#8221; custom_padding=&#8221;50px|50px|50px|50px|true|true&#8221;]<\/p>\n<p><strong>Dodac\u00ed podm\u00ednky<\/strong><\/p>\n<p><strong>Term\u00edn dod\u00e1n\u00ed zbo\u017e\u00ed<\/strong><\/p>\n<p>Je-li zbo\u017e\u00ed skladem, je dodac\u00ed lh\u016fta na \u00fazem\u00ed \u010cR max. 3 pracovn\u00ed dny \u00a0(na \u00fazem\u00ed EU do 14 dn\u016f) od potvrzen\u00ed objedn\u00e1vky prod\u00e1vaj\u00edc\u00edm, nen\u00ed-li uvedeno jinak. V p\u0159\u00edpad\u011b objedn\u00e1n\u00ed zbo\u017e\u00ed, kter\u00e9 nen\u00ed na sklad\u011b, V\u00e1s budeme neprodlen\u011b kontaktovat. Spot\u0159ebitel m\u016f\u017ee p\u0159i objedn\u00e1vce po\u017e\u00e1dat o vyzvednut\u00ed zbo\u017e\u00ed osobn\u011b na adrese Okru\u017en\u00ed 189, Babice u \u0158\u00ed\u010dan, 25101 (nejedn\u00e1 se o prodejnu, plat\u00ed pouze pro sjednan\u00e9 obchodn\u00ed sch\u016fzky). V tomto p\u0159\u00edpad\u011b je nezbytn\u00e9 si p\u0159edem domluvit konkr\u00e9tn\u00ed term\u00edn.<\/p>\n<p><strong>Ceny zbo\u017e\u00ed<\/strong><\/p>\n<p>Cenou se rozum\u00ed cena v K\u010d nebo v EUR (v nab\u00eddce je uvedena kone\u010dn\u00e1 cena zbo\u017e\u00ed, jsme pl\u00e1tcem DPH).<\/p>\n<p>Prod\u00e1vaj\u00edc\u00ed si vyhrazuje pr\u00e1vo zm\u011bny cen. Platn\u00e9 ceny jsou potvrzeny kupuj\u00edc\u00edmu v okam\u017eiku potvrzen\u00ed objedn\u00e1vky.<\/p>\n<p><strong>Dopravn\u00e9<\/strong><\/p>\n<div class=\"tg-wrap\">\n<table class=\"tg\">\n<tbody>\n<tr>\n<th class=\"tg-i2iz\">DPD kur\u00fdr<\/th>\n<th class=\"tg-i2iz\">platba p\u0159edem na \u00fa\u010det<\/th>\n<th class=\"tg-i2iz\">platba na dob\u00edrku<\/th>\n<\/tr>\n<tr>\n<td class=\"tg-xcon\">\u010cesk\u00e1 republika<\/td>\n<td class=\"tg-yw4l\">127,- K\u010d<\/td>\n<td class=\"tg-yw4l\">155,- K\u010d<\/td>\n<\/tr>\n<tr>\n<td class=\"tg-xcon\">Slovensk\u00e1 republika<\/td>\n<td class=\"tg-ejgj\">290,- K\u010d<\/td>\n<td class=\"tg-ejgj\">\u2013<\/td>\n<\/tr>\n<tr>\n<td class=\"tg-xcon\">Z\u00f3na II (N\u011bmecko, Polsko, Rakousko, Ma\u010farsko)<\/td>\n<td class=\"tg-ejgj\">494,- K\u010d<\/td>\n<td class=\"tg-ejgj\">\u2013<\/td>\n<\/tr>\n<tr>\n<td class=\"tg-xcon\">Z\u00f3na III (Belgie, Francie, Nizozem\u00ed)<\/td>\n<td class=\"tg-ejgj\">808,- K\u010d<\/td>\n<td class=\"tg-ejgj\">\u2013<\/td>\n<\/tr>\n<tr>\n<td class=\"tg-xcon\">Z\u00f3na IV (Chorvatsko, Irsko)<\/td>\n<td class=\"tg-ejgj\">1094,- K\u010d<\/td>\n<td class=\"tg-ejgj\">\u2013<\/td>\n<\/tr>\n<tr>\n<td class=\"tg-xcon\">Z\u00f3na V (D\u00e1nsko, Finsko, \u0160v\u00e9dsko,Portugalsko, \u0158ecko)<\/td>\n<td class=\"tg-ejgj\">1436,- K\u010d<\/td>\n<td class=\"tg-ejgj\">\u2013<\/td>\n<\/tr>\n<\/tbody>\n<\/table>\n<\/div>\n<p>&nbsp;<\/p>\n<p><strong>\u010cESK\u00c1 PO\u0160TA\u00a0 (bal\u00edk do 5 kg)\u00a0<\/strong><span>\u00a0<\/span>\u00a0 \u00a0 \u00a0 \u00a0 \u00a0 \u00a0 \u00a0 \u00a0 \u00a0 \u00a0 \u00a0 \u00a0 \u00a0 \u00a0 \u00a0 \u00a0 \u00a0 \u00a0 \u00a0 \u00a0 \u00a0 \u00a0 \u00a0 \u00a0 \u00a0 \u00a0 \u00a0 \u00a0 \u00a0 \u00a0 \u00a0 \u00a0 \u00a0 \u00a0 \u00a0 \u00a0 \u00a0 \u00a0 \u00a0 \u00a0 \u00a0 \u00a0 \u00a0 \u00a0 \u00a0 \u00a0<span>\u00a0<\/span><strong>\u00a0platba p\u0159edem na \u00fa\u010det<\/strong>\u00a0 \u00a0 \u00a0 \u00a0 \u00a0 \u00a0 \u00a0<strong>platba na<\/strong><span>\u00a0<\/span><strong>dob\u00edrku<\/strong><\/p>\n<p>\u010cesk\u00e1 republika\u00a0 \u00a0 \u00a0 \u00a0 \u00a0 \u00a0 \u00a0 \u00a0 \u00a0 \u00a0 \u00a0 \u00a0 \u00a0 \u00a0 \u00a0 \u00a0 \u00a0 \u00a0 \u00a0 \u00a0 \u00a0 \u00a0 \u00a0 \u00a0 \u00a0 \u00a0 \u00a0 \u00a0 \u00a0 \u00a0 \u00a0 \u00a0 \u00a0 \u00a0 \u00a0 \u00a0 \u00a0 \u00a0 \u00a0 \u00a0 \u00a0 \u00a0 \u00a0 \u00a0 \u00a0 \u00a0 \u00a0 \u00a0 \u00a0 \u00a0 \u00a0 \u00a0 \u00a0 \u00a0 \u00a0 \u00a0 \u00a0 \u00a0 \u00a0 \u00a0 \u00a0 \u00a0 \u00a0180,- K\u010d\u00a0 \u00a0 \u00a0 \u00a0 \u00a0 \u00a0 \u00a0 \u00a0 \u00a0 \u00a0 \u00a0 \u00a0 \u00a0 \u00a0 \u00a0 \u00a0 \u00a0 \u00a0 \u00a0 225,- K\u010d<\/p>\n<pre><strong>Osobn\u00ed odb\u011br - kancel\u00e1\u0159 a v\u00fddej zbo\u017e\u00ed:<\/strong>\nOkru\u017en\u00ed 189,\u00a0251 01 Babice u \u0158\u00ed\u010dan\n<strong>Nejedn\u00e1 se o prodejnu, plat\u00ed jenom pro domluven\u00e9 obchodn\u00ed sch\u016fzky!<\/strong><\/pre>\n<p>&nbsp;<\/p>\n<p><strong>P\u0159evzet\u00ed dod\u00e1vky<\/strong><\/p>\n<p>Kupuj\u00edc\u00ed je povinen zbo\u017e\u00ed od p\u0159epravce \u0159\u00e1dn\u011b p\u0159evz\u00edt, zkontrolovat neporu\u0161enost obal\u016f, po\u010det bal\u00edk\u016f a v p\u0159\u00edpad\u011b jak\u00fdchkoli z\u00e1vad toto neprodlen\u011b ozn\u00e1mit p\u0159epravci samotn\u00e9mu. Ihned by m\u011blo b\u00fdt zah\u00e1jeno u dopravce reklama\u010dn\u00ed \u0159\u00edzen\u00ed a kopie z\u00e1pisu by m\u011bla b\u00fdt bez zbyte\u010dn\u00e9ho odkladu zasl\u00e1na prod\u00e1vaj\u00edc\u00edmu, jinak nem\u016f\u017ee b\u00fdt na dodate\u010dn\u00e9 reklamace ne\u00faplnosti nebo po\u0161kozen\u00ed dod\u00e1vky br\u00e1n z\u0159etel. V p\u0159\u00edpad\u011b shled\u00e1n\u00ed poru\u0161en\u00ed \u010di po\u0161kozen\u00ed bal\u00edku doporu\u010dujeme kupuj\u00edc\u00edmu z\u00e1silku ve vlastn\u00edm z\u00e1jmu odm\u00edtnout a nep\u0159evz\u00edt!<\/p>\n<p>P\u0159evzet\u00edm z\u00e1silky kupuj\u00edc\u00ed stvrzuje, \u017ee z\u00e1silka spl\u0148ovala v\u0161echny podm\u00ednky a n\u00e1le\u017eitosti v\u00fd\u0161e uveden\u00e9 a na pozd\u011bj\u0161\u00ed reklamaci o poru\u0161enosti obalu z\u00e1silky nebude br\u00e1n z\u0159etel.<\/p>\n<p><strong>Zp\u016fsob \u00fahrady<\/strong><\/p>\n<p>\u00dahrada zbo\u017e\u00ed m\u016f\u017ee prob\u00edhat jedn\u00edm z n\u00e1sleduj\u00edc\u00edch zp\u016fsob\u016f:<\/p>\n<p>1) bankovn\u00edm p\u0159evodem p\u0159edem na \u010d\u00edslo \u00fa\u010dtu:<\/p>\n<p>\u2013 v \u010cR a CZK: 4415564359 \/ 0800<\/p>\n<p>IBAN: CZ23 0800 0000 0044 1556 4359<\/p>\n<p>BIC: GIBACZPX<\/p>\n<p>\u2013 vybran\u00e9 st\u00e1ty Evropsk\u00e9 Unie a EUR: 1965495243 \/ 0800<\/p>\n<p>IBAN: CZ58 0800 0000 0019 6549 5243<\/p>\n<p>BIC: GIBACZPX<\/p>\n<p>2) dob\u00edrkou.<\/p>\n<p>[\/et_pb_text][\/et_pb_column][\/et_pb_row][\/et_pb_section]<\/p>\n","protected":false},"excerpt":{"rendered":"<p>[et_pb_section fb_built=&#8221;1&#8243; admin_label=&#8221;section&#8221; _builder_version=&#8221;3.25.2&#8243; background_color=&#8221;#f7f7f7&#8243; custom_padding=&#8221;0px|||||&#8221;][et_pb_row custom_padding=&#8221;35px|||||&#8221; _builder_version=&#8221;3.25&#8243;][et_pb_column type=&#8221;4_4&#8243; _builder_version=&#8221;3.25&#8243; custom_padding=&#8221;|||&#8221; custom_padding__hover=&#8221;|||&#8221;][et_pb_text _builder_version=&#8221;3.25.2&#8243; text_font=&#8221;Montserrat||||||||&#8221; text_text_color=&#8221;#333333&#8243; text_font_size=&#8221;25px&#8221; custom_margin=&#8221;30px||&#8221; animation_style=&#8221;slide&#8221; animation_direction=&#8221;left&#8221; animation_duration=&#8221;1300ms&#8221; animation_intensity_slide=&#8221;10%&#8221;] DOPRAVA A PLATBA [\/et_pb_text][et_pb_divider color=&#8221;#d4a793&#8243; divider_weight=&#8221;4px&#8221; _builder_version=&#8221;3.24.1&#8243; width=&#8221;7%&#8221; module_alignment=&#8221;center&#8221; animation_style=&#8221;slide&#8221; animation_direction=&#8221;left&#8221; animation_duration=&#8221;1300ms&#8221; animation_intensity_slide=&#8221;10%&#8221;][\/et_pb_divider][\/et_pb_column][\/et_pb_row][et_pb_row _builder_version=&#8221;3.25.2&#8243; custom_padding=&#8221;7px|||||&#8221;][et_pb_column type=&#8221;4_4&#8243; _builder_version=&#8221;3.25.2&#8243;][et_pb_text _builder_version=&#8221;3.25.2&#8243; background_color=&#8221;#ffffff&#8221; custom_padding=&#8221;50px|50px|50px|50px|true|true&#8221;] Dodac\u00ed podm\u00ednky Term\u00edn dod\u00e1n\u00ed zbo\u017e\u00ed Je-li zbo\u017e\u00ed skladem, je dodac\u00ed lh\u016fta na \u00fazem\u00ed \u010cR [&hellip;]<\/p>\n","protected":false},"author":1,"featured_media":0,"parent":0,"menu_order":0,"comment_status":"closed","ping_status":"closed","template":"","meta":{"_et_pb_use_builder":"on","_et_pb_old_content":"<strong>MAKEUP ORGANIZER s.r.o.<\/strong>\r\n\r\n<strong>5.c Dopravn\u00e9 \u2013 Jardo dopln\u00edme<\/strong>","_et_gb_content_width":""},"_links":{"self":[{"href":"https:\/\/www.makeuporganizer.cz\/index.php?rest_route=\/wp\/v2\/pages\/95"}],"collection":[{"href":"https:\/\/www.makeuporganizer.cz\/index.php?rest_route=\/wp\/v2\/pages"}],"about":[{"href":"https:\/\/www.makeuporganizer.cz\/index.php?rest_route=\/wp\/v2\/types\/page"}],"author":[{"embeddable":true,"href":"https:\/\/www.makeuporganizer.cz\/index.php?rest_route=\/wp\/v2\/users\/1"}],"replies":[{"embeddable":true,"href":"https:\/\/www.makeuporganizer.cz\/index.php?rest_route=%2Fwp%2Fv2%2Fcomments&post=95"}],"version-history":[{"count":5,"href":"https:\/\/www.makeuporganizer.cz\/index.php?rest_route=\/wp\/v2\/pages\/95\/revisions"}],"predecessor-version":[{"id":2701,"href":"https:\/\/www.makeuporganizer.cz\/index.php?rest_route=\/wp\/v2\/pages\/95\/revisions\/2701"}],"wp:attachment":[{"href":"https:\/\/www.makeuporganizer.cz\/index.php?rest_route=%2Fwp%2Fv2%2Fmedia&parent=95"}],"curies":[{"name":"wp","href":"https:\/\/api.w.org\/{rel}","templated":true}]}}