{"id":8,"date":"2016-11-23T19:53:17","date_gmt":"2016-11-23T19:53:17","guid":{"rendered":"https:\/\/www.makeuporganizer.cz\/index.php\/muj-ucet\/"},"modified":"2019-06-26T19:56:37","modified_gmt":"2019-06-26T17:56:37","slug":"muj-ucet","status":"publish","type":"page","link":"https:\/\/www.makeuporganizer.cz\/?page_id=8","title":{"rendered":"M\u016fj \u00fa\u010det"},"content":{"rendered":"<p>[et_pb_section fb_built=&#8221;1&#8243; background_color=&#8221;#f7f7f7&#8243; _builder_version=&#8221;3.25.3&#8243; custom_padding=&#8221;0px||0px|||&#8221;][et_pb_row custom_padding=&#8221;35px|||||&#8221; _builder_version=&#8221;3.25&#8243;][et_pb_column type=&#8221;4_4&#8243; _builder_version=&#8221;3.25&#8243; custom_padding=&#8221;|||&#8221; custom_padding__hover=&#8221;|||&#8221;][et_pb_text _builder_version=&#8221;3.25.3&#8243; text_font=&#8221;Montserrat||||||||&#8221; text_text_color=&#8221;#333333&#8243; text_font_size=&#8221;25px&#8221; custom_margin=&#8221;30px||&#8221; animation_style=&#8221;slide&#8221; animation_direction=&#8221;left&#8221; animation_duration=&#8221;1300ms&#8221; animation_intensity_slide=&#8221;10%&#8221;]<\/p>\n<p style=\"text-align: center;\">M\u016fj \u00fa\u010det<\/p>\n<p>[\/et_pb_text][et_pb_divider color=&#8221;#d4a793&#8243; divider_weight=&#8221;4px&#8221; _builder_version=&#8221;3.24.1&#8243; width=&#8221;7%&#8221; module_alignment=&#8221;center&#8221; animation_style=&#8221;slide&#8221; animation_direction=&#8221;left&#8221; animation_duration=&#8221;1300ms&#8221; animation_intensity_slide=&#8221;10%&#8221;][\/et_pb_divider][\/et_pb_column][\/et_pb_row][\/et_pb_section][et_pb_section fb_built=&#8221;1&#8243; admin_label=&#8221;section&#8221; _builder_version=&#8221;3.25.3&#8243; background_color=&#8221;#f7f7f7&#8243; custom_padding=&#8221;0px||100px|||&#8221;][et_pb_row admin_label=&#8221;row&#8221; _builder_version=&#8221;3.25.3&#8243; background_size=&#8221;initial&#8221; background_position=&#8221;top_left&#8221; background_repeat=&#8221;repeat&#8221; background_color=&#8221;#ffffff&#8221; custom_margin=&#8221;||||true|true&#8221; custom_padding=&#8221;50px|50px|50px|50px|true|true&#8221;][et_pb_column type=&#8221;4_4&#8243; _builder_version=&#8221;3.25&#8243; custom_padding=&#8221;|||&#8221; custom_padding__hover=&#8221;|||&#8221;][et_pb_text admin_label=&#8221;Text&#8221; _builder_version=&#8221;3.0.74&#8243; background_size=&#8221;initial&#8221; background_position=&#8221;top_left&#8221; background_repeat=&#8221;repeat&#8221;]<div class=\"woocommerce\"><div class=\"woocommerce-notices-wrapper\"><\/div>\n\n<div class=\"u-columns col2-set\" id=\"customer_login\">\n\n\t<div class=\"u-column1 col-1\">\n\n\n\t\t<h2>P\u0159ihl\u00e1\u0161en\u00ed<\/h2>\n\n\t\t<form class=\"woocommerce-form woocommerce-form-login login\" method=\"post\">\n\n\t\t\t\n\t\t\t<p class=\"woocommerce-form-row woocommerce-form-row--wide form-row form-row-wide\">\n\t\t\t\t<label for=\"username\">U\u017eivatelsk\u00e9 jm\u00e9no nebo emailov\u00e1 adresa&nbsp;<span class=\"required\">*<\/span><\/label>\n\t\t\t\t<input type=\"text\" class=\"woocommerce-Input woocommerce-Input--text input-text\" name=\"username\" id=\"username\" autocomplete=\"username\" value=\"\" \/>\t\t\t<\/p>\n\t\t\t<p class=\"woocommerce-form-row woocommerce-form-row--wide form-row form-row-wide\">\n\t\t\t\t<label for=\"password\">Heslo&nbsp;<span class=\"required\">*<\/span><\/label>\n\t\t\t\t<input class=\"woocommerce-Input woocommerce-Input--text input-text\" type=\"password\" name=\"password\" id=\"password\" autocomplete=\"current-password\" \/>\n\t\t\t<\/p>\n\n\t\t\t\n\t\t\t<p class=\"form-row\">\n\t\t\t\t<label class=\"woocommerce-form__label woocommerce-form__label-for-checkbox woocommerce-form-login__rememberme\">\n\t\t\t\t\t<input class=\"woocommerce-form__input woocommerce-form__input-checkbox\" name=\"rememberme\" type=\"checkbox\" id=\"rememberme\" value=\"forever\" \/> <span>Zapamatujte si m\u011b<\/span>\n\t\t\t\t<\/label>\n\t\t\t\t<input type=\"hidden\" id=\"woocommerce-login-nonce\" name=\"woocommerce-login-nonce\" value=\"b4c0dc4a79\" \/><input type=\"hidden\" name=\"_wp_http_referer\" value=\"\/index.php?rest_route=%2Fwp%2Fv2%2Fpages%2F8\" \/>\t\t\t\t<button type=\"submit\" class=\"woocommerce-button button woocommerce-form-login__submit\" name=\"login\" value=\"P\u0159ihl\u00e1sit se\">P\u0159ihl\u00e1sit se<\/button>\n\t\t\t<\/p>\n\t\t\t<p class=\"woocommerce-LostPassword lost_password\">\n\t\t\t\t<a href=\"https:\/\/www.makeuporganizer.cz\/?page_id=8&#038;lost-password\">Zapomn\u011bli jste heslo?<\/a>\n\t\t\t<\/p>\n\n\t\t\t\n\t\t<\/form>\n\n\n\t<\/div>\n\n\t<div class=\"u-column2 col-2\">\n\n\t\t<h2>Registrovat se<\/h2>\n\n\t\t<form method=\"post\" class=\"woocommerce-form woocommerce-form-register register\"  >\n\n\t\t\t\n\t\t\t\n\t\t\t<p class=\"woocommerce-form-row woocommerce-form-row--wide form-row form-row-wide\">\n\t\t\t\t<label for=\"reg_email\">Emailov\u00e1 adresa&nbsp;<span class=\"required\">*<\/span><\/label>\n\t\t\t\t<input type=\"email\" class=\"woocommerce-Input woocommerce-Input--text input-text\" name=\"email\" id=\"reg_email\" autocomplete=\"email\" value=\"\" \/>\t\t\t<\/p>\n\n\t\t\t\n\t\t\t\t<p class=\"woocommerce-form-row woocommerce-form-row--wide form-row form-row-wide\">\n\t\t\t\t\t<label for=\"reg_password\">Heslo&nbsp;<span class=\"required\">*<\/span><\/label>\n\t\t\t\t\t<input type=\"password\" class=\"woocommerce-Input woocommerce-Input--text input-text\" name=\"password\" id=\"reg_password\" autocomplete=\"new-password\" \/>\n\t\t\t\t<\/p>\n\n\t\t\t\n\t\t\t<div class=\"woocommerce-privacy-policy-text\"><\/div>\n\t\t\t<p class=\"woocommerce-FormRow form-row\">\n\t\t\t\t<input type=\"hidden\" id=\"woocommerce-register-nonce\" name=\"woocommerce-register-nonce\" value=\"1520005c0b\" \/><input type=\"hidden\" name=\"_wp_http_referer\" value=\"\/index.php?rest_route=%2Fwp%2Fv2%2Fpages%2F8\" \/>\t\t\t\t<button type=\"submit\" class=\"woocommerce-Button woocommerce-button button woocommerce-form-register__submit\" name=\"register\" value=\"Registrovat se\">Registrovat se<\/button>\n\t\t\t<\/p>\n\n\t\t\t\n\t\t<\/form>\n\n\t<\/div>\n\n<\/div>\n\n<\/div>[\/et_pb_text][\/et_pb_column][\/et_pb_row][\/et_pb_section]<\/p>\n","protected":false},"excerpt":{"rendered":"<p>[et_pb_section fb_built=&#8221;1&#8243; background_color=&#8221;#f7f7f7&#8243; _builder_version=&#8221;3.25.3&#8243; custom_padding=&#8221;0px||0px|||&#8221;][et_pb_row custom_padding=&#8221;35px|||||&#8221; _builder_version=&#8221;3.25&#8243;][et_pb_column type=&#8221;4_4&#8243; _builder_version=&#8221;3.25&#8243; custom_padding=&#8221;|||&#8221; custom_padding__hover=&#8221;|||&#8221;][et_pb_text _builder_version=&#8221;3.25.3&#8243; text_font=&#8221;Montserrat||||||||&#8221; text_text_color=&#8221;#333333&#8243; text_font_size=&#8221;25px&#8221; custom_margin=&#8221;30px||&#8221; animation_style=&#8221;slide&#8221; animation_direction=&#8221;left&#8221; animation_duration=&#8221;1300ms&#8221; animation_intensity_slide=&#8221;10%&#8221;] M\u016fj \u00fa\u010det [\/et_pb_text][et_pb_divider color=&#8221;#d4a793&#8243; divider_weight=&#8221;4px&#8221; _builder_version=&#8221;3.24.1&#8243; width=&#8221;7%&#8221; module_alignment=&#8221;center&#8221; animation_style=&#8221;slide&#8221; animation_direction=&#8221;left&#8221; animation_duration=&#8221;1300ms&#8221; animation_intensity_slide=&#8221;10%&#8221;][\/et_pb_divider][\/et_pb_column][\/et_pb_row][\/et_pb_section][et_pb_section fb_built=&#8221;1&#8243; admin_label=&#8221;section&#8221; _builder_version=&#8221;3.25.3&#8243; background_color=&#8221;#f7f7f7&#8243; custom_padding=&#8221;0px||100px|||&#8221;][et_pb_row admin_label=&#8221;row&#8221; _builder_version=&#8221;3.25.3&#8243; background_size=&#8221;initial&#8221; background_position=&#8221;top_left&#8221; background_repeat=&#8221;repeat&#8221; background_color=&#8221;#ffffff&#8221; custom_margin=&#8221;||||true|true&#8221; custom_padding=&#8221;50px|50px|50px|50px|true|true&#8221;][et_pb_column type=&#8221;4_4&#8243; _builder_version=&#8221;3.25&#8243; custom_padding=&#8221;|||&#8221; custom_padding__hover=&#8221;|||&#8221;][et_pb_text admin_label=&#8221;Text&#8221; _builder_version=&#8221;3.0.74&#8243; background_size=&#8221;initial&#8221; background_position=&#8221;top_left&#8221; background_repeat=&#8221;repeat&#8221;][\/et_pb_text][\/et_pb_column][\/et_pb_row][\/et_pb_section]<\/p>\n","protected":false},"author":1,"featured_media":0,"parent":0,"menu_order":0,"comment_status":"closed","ping_status":"closed","template":"","meta":{"_et_pb_use_builder":"on","_et_pb_old_content":"[woocommerce_my_account]","_et_gb_content_width":""},"_links":{"self":[{"href":"https:\/\/www.makeuporganizer.cz\/index.php?rest_route=\/wp\/v2\/pages\/8"}],"collection":[{"href":"https:\/\/www.makeuporganizer.cz\/index.php?rest_route=\/wp\/v2\/pages"}],"about":[{"href":"https:\/\/www.makeuporganizer.cz\/index.php?rest_route=\/wp\/v2\/types\/page"}],"author":[{"embeddable":true,"href":"https:\/\/www.makeuporganizer.cz\/index.php?rest_route=\/wp\/v2\/users\/1"}],"replies":[{"embeddable":true,"href":"https:\/\/www.makeuporganizer.cz\/index.php?rest_route=%2Fwp%2Fv2%2Fcomments&post=8"}],"version-history":[{"count":3,"href":"https:\/\/www.makeuporganizer.cz\/index.php?rest_route=\/wp\/v2\/pages\/8\/revisions"}],"predecessor-version":[{"id":2770,"href":"https:\/\/www.makeuporganizer.cz\/index.php?rest_route=\/wp\/v2\/pages\/8\/revisions\/2770"}],"wp:attachment":[{"href":"https:\/\/www.makeuporganizer.cz\/index.php?rest_route=%2Fwp%2Fv2%2Fmedia&parent=8"}],"curies":[{"name":"wp","href":"https:\/\/api.w.org\/{rel}","templated":true}]}}