{"id":77,"date":"2016-12-27T16:12:57","date_gmt":"2016-12-27T14:12:57","guid":{"rendered":"https:\/\/www.makeuporganizer.cz\/?page_id=77"},"modified":"2019-06-28T12:54:45","modified_gmt":"2019-06-28T10:54:45","slug":"o-nas","status":"publish","type":"page","link":"https:\/\/www.makeuporganizer.cz\/?page_id=77","title":{"rendered":"O n\u00e1s"},"content":{"rendered":"<p>[et_pb_section fb_built=&#8221;1&#8243; _builder_version=&#8221;3.24.1&#8243; background_color=&#8221;#f7f7f7&#8243; custom_padding=&#8221;0px||0px|||&#8221;][et_pb_row custom_padding=&#8221;35px|||||&#8221; _builder_version=&#8221;3.25&#8243;][et_pb_column type=&#8221;4_4&#8243; _builder_version=&#8221;3.25&#8243; custom_padding=&#8221;|||&#8221; custom_padding__hover=&#8221;|||&#8221;][et_pb_text _builder_version=&#8221;3.24.1&#8243; text_font=&#8221;Montserrat||||||||&#8221; text_text_color=&#8221;#333333&#8243; text_font_size=&#8221;25px&#8221; custom_margin=&#8221;30px||&#8221; animation_style=&#8221;slide&#8221; animation_direction=&#8221;left&#8221; animation_duration=&#8221;1300ms&#8221; animation_intensity_slide=&#8221;10%&#8221;]<\/p>\n<p style=\"text-align: center;\">O N\u00c1S<\/p>\n<p>[\/et_pb_text][et_pb_divider color=&#8221;#d4a793&#8243; divider_weight=&#8221;4px&#8221; _builder_version=&#8221;3.24.1&#8243; width=&#8221;7%&#8221; module_alignment=&#8221;center&#8221; animation_style=&#8221;slide&#8221; animation_direction=&#8221;left&#8221; animation_duration=&#8221;1300ms&#8221; animation_intensity_slide=&#8221;10%&#8221;][\/et_pb_divider][\/et_pb_column][\/et_pb_row][\/et_pb_section][et_pb_section fb_built=&#8221;1&#8243; admin_label=&#8221;section&#8221; _builder_version=&#8221;3.25.3&#8243; background_color=&#8221;#f7f7f7&#8243; custom_padding=&#8221;0px|||||&#8221; disabled_on=&#8221;on|off|off&#8221;][et_pb_row use_custom_gutter=&#8221;on&#8221; gutter_width=&#8221;2&#8243; custom_padding=&#8221;0px|||||&#8221; admin_label=&#8221;row&#8221; _builder_version=&#8221;3.25&#8243; background_size=&#8221;initial&#8221; background_position=&#8221;top_left&#8221; background_repeat=&#8221;repeat&#8221; column_structure=&#8221;1_2,1_4,1_4&#8243;][et_pb_column type=&#8221;1_2&#8243; _builder_version=&#8221;3.25&#8243; custom_padding=&#8221;|||&#8221; custom_padding__hover=&#8221;|||&#8221;][et_pb_text admin_label=&#8221;Text&#8221; _builder_version=&#8221;3.24.1&#8243; background_color=&#8221;#ffffff&#8221; background_size=&#8221;initial&#8221; background_position=&#8221;top_left&#8221; background_repeat=&#8221;repeat&#8221; custom_padding=&#8221;50px|50px|50px|50px|true|true&#8221;]<\/p>\n<p style=\"text-align: justify;\"><strong>MAKEUP ORGANIZER s.r.o.\u00a0<\/strong>je novou \u010deskou zna\u010dkou kosmetick\u00fdch organiz\u00e9r\u016f, kter\u00e1 vznikla v\u00a0<strong>listopadu 2016<\/strong>.<\/p>\n<p style=\"text-align: justify;\">P\u0159in\u00e1\u0161\u00edme V\u00e1m\u00a0 \u0161irokou \u0161k\u00e1lu v\u00fdrobk\u016f. Od z\u00e1kladn\u00edch organiz\u00e9r\u016f (stoj\u00e1nk\u016f) na V\u00e1\u0161 kosmetick\u00fd stolek, po organiz\u00e9ry (po\u0159ada\u010de) do \u0161upl\u00edk\u016f, a\u017e po velk\u00e9 z\u00e1suvkov\u00e9 organiz\u00e9ry, kter\u00e9 reflektuj\u00ed nov\u00e9 trendy.<\/p>\n<p style=\"text-align: justify;\">Jsme schopni V\u00e1m nechat vyrobit V\u00e1\u0161 vysn\u011bn\u00fd organiz\u00e9r, kter\u00fd si sami navrhnete p\u0159esn\u011b tak, jak V\u00e1m bude vyhovovat.<\/p>\n<p style=\"text-align: justify;\">V\u00fdrobky jsme schopni dod\u00e1vat t\u00e9\u017e do e-shop\u016f a prodejen. V p\u0159\u00edpad\u011b z\u00e1jmu o velkoobchodn\u00ed odb\u011br n\u00e1s kontaktujte.<\/p>\n<p>[\/et_pb_text][\/et_pb_column][et_pb_column type=&#8221;1_4&#8243; _builder_version=&#8221;3.25&#8243; custom_padding=&#8221;|||&#8221; custom_padding__hover=&#8221;|||&#8221;][et_pb_text _builder_version=&#8221;3.24.1&#8243; text_font=&#8221;||||||||&#8221; text_text_align=&#8221;center&#8221; text_font_size=&#8221;30px&#8221; background_color=&#8221;#ffffff&#8221; border_radii=&#8221;on|100%|100%|100%|100%&#8221; border_width_all=&#8221;3px&#8221; border_color_all=&#8221;#D4A793&#8243; border_style_all=&#8221;dashed&#8221; width=&#8221;70%&#8221; module_alignment=&#8221;right&#8221; custom_padding=&#8221;70px||70px||true|true&#8221;]<\/p>\n<p>2016<\/p>\n<p>[\/et_pb_text][et_pb_text _builder_version=&#8221;3.24.1&#8243; border_radii=&#8221;|20px|||&#8221; border_color_all=&#8221;#D4A793&#8243; border_style_all=&#8221;dashed&#8221; border_width_top=&#8221;3px&#8221; border_width_left=&#8221;3px&#8221; custom_margin=&#8221;107px|-83px|0px|145px&#8221; custom_padding=&#8221;70px||&#8221;][\/et_pb_text][et_pb_blurb use_icon=&#8221;on&#8221; font_icon=&#8221;%%257%%&#8221; icon_color=&#8221;#333333&#8243; _builder_version=&#8221;3.24.1&#8243; background_color=&#8221;#ffffff&#8221; border_radii=&#8221;on|100%|100%|100%|100%&#8221; border_width_all=&#8221;3px&#8221; border_color_all=&#8221;#D4A793&#8243; border_style_all=&#8221;dashed&#8221; width=&#8221;80%&#8221; module_alignment=&#8221;right&#8221; custom_margin=&#8221;0px||&#8221; custom_padding=&#8221;45px||15px||false&#8221;][\/et_pb_blurb][\/et_pb_column][et_pb_column type=&#8221;1_4&#8243; _builder_version=&#8221;3.25&#8243; custom_padding=&#8221;|||&#8221; custom_padding__hover=&#8221;|||&#8221;][et_pb_text _builder_version=&#8221;3.24.1&#8243; border_radii=&#8221;||20px||&#8221; border_color_all=&#8221;#D4A793&#8243; border_style_all=&#8221;dashed&#8221; border_width_top=&#8221;3px&#8221; border_width_right=&#8221;3px&#8221; custom_margin=&#8221;77px|97px|0px|-31px&#8221; custom_padding=&#8221;70px||&#8221;][\/et_pb_text][et_pb_image src=&#8221;https:\/\/demo.makeuporganizer.cz\/wp-content\/uploads\/2019\/06\/angela-1-1.jpg&#8221; _builder_version=&#8221;3.24.1&#8243; border_radii=&#8221;on|100%|100%|100%|100%&#8221; border_width_all=&#8221;3px&#8221; border_color_all=&#8221;#D4A793&#8243; border_style_all=&#8221;dashed&#8221; width=&#8221;80%&#8221; module_alignment=&#8221;right&#8221; custom_margin=&#8221;|0px||-7px&#8221; custom_padding=&#8221;|||0px&#8221;][\/et_pb_image][\/et_pb_column][\/et_pb_row][\/et_pb_section][et_pb_section fb_built=&#8221;1&#8243; admin_label=&#8221;section&#8221; _builder_version=&#8221;3.25.3&#8243; background_color=&#8221;#f7f7f7&#8243; custom_padding=&#8221;0px|||||&#8221; disabled_on=&#8221;off|on|on&#8221;][et_pb_row use_custom_gutter=&#8221;on&#8221; gutter_width=&#8221;2&#8243; custom_padding=&#8221;0px|||||&#8221; admin_label=&#8221;row&#8221; _builder_version=&#8221;3.25&#8243; background_size=&#8221;initial&#8221; background_position=&#8221;top_left&#8221; background_repeat=&#8221;repeat&#8221; column_structure=&#8221;1_2,1_4,1_4&#8243;][et_pb_column type=&#8221;1_2&#8243; _builder_version=&#8221;3.25&#8243; custom_padding=&#8221;|||&#8221; custom_padding__hover=&#8221;|||&#8221;][et_pb_text admin_label=&#8221;Text&#8221; _builder_version=&#8221;3.25.3&#8243; background_color=&#8221;#ffffff&#8221; background_size=&#8221;initial&#8221; background_position=&#8221;top_left&#8221; background_repeat=&#8221;repeat&#8221; custom_padding=&#8221;30px|30px|30px|30px|true|true&#8221;]<\/p>\n<p style=\"text-align: left;\"><strong>MAKEUP ORGANIZER s.r.o.\u00a0<\/strong>je novou \u010deskou zna\u010dkou kosmetick\u00fdch organiz\u00e9r\u016f, kter\u00e1 vznikla v\u00a0<strong>listopadu 2016<\/strong>.<\/p>\n<p style=\"text-align: left;\">P\u0159in\u00e1\u0161\u00edme V\u00e1m\u00a0 \u0161irokou \u0161k\u00e1lu v\u00fdrobk\u016f. Od z\u00e1kladn\u00edch organiz\u00e9r\u016f (stoj\u00e1nk\u016f) na V\u00e1\u0161 kosmetick\u00fd stolek, po organiz\u00e9ry (po\u0159ada\u010de) do \u0161upl\u00edk\u016f, a\u017e po velk\u00e9 z\u00e1suvkov\u00e9 organiz\u00e9ry, kter\u00e9 reflektuj\u00ed nov\u00e9 trendy.<\/p>\n<p style=\"text-align: left;\">Jsme schopni V\u00e1m nechat vyrobit V\u00e1\u0161 vysn\u011bn\u00fd organiz\u00e9r, kter\u00fd si sami navrhnete p\u0159esn\u011b tak, jak V\u00e1m bude vyhovovat.<\/p>\n<p style=\"text-align: left;\">V\u00fdrobky jsme schopni dod\u00e1vat t\u00e9\u017e do e-shop\u016f a prodejen. V p\u0159\u00edpad\u011b z\u00e1jmu o velkoobchodn\u00ed odb\u011br n\u00e1s kontaktujte.<\/p>\n<p>[\/et_pb_text][\/et_pb_column][et_pb_column type=&#8221;1_4&#8243; _builder_version=&#8221;3.25&#8243; custom_padding=&#8221;|||&#8221; custom_padding__hover=&#8221;|||&#8221;][\/et_pb_column][et_pb_column type=&#8221;1_4&#8243; _builder_version=&#8221;3.25&#8243; custom_padding=&#8221;|||&#8221; custom_padding__hover=&#8221;|||&#8221;][\/et_pb_column][\/et_pb_row][\/et_pb_section]<\/p>\n","protected":false},"excerpt":{"rendered":"<p>[et_pb_section fb_built=&#8221;1&#8243; _builder_version=&#8221;3.24.1&#8243; background_color=&#8221;#f7f7f7&#8243; custom_padding=&#8221;0px||0px|||&#8221;][et_pb_row custom_padding=&#8221;35px|||||&#8221; _builder_version=&#8221;3.25&#8243;][et_pb_column type=&#8221;4_4&#8243; _builder_version=&#8221;3.25&#8243; custom_padding=&#8221;|||&#8221; custom_padding__hover=&#8221;|||&#8221;][et_pb_text _builder_version=&#8221;3.24.1&#8243; text_font=&#8221;Montserrat||||||||&#8221; text_text_color=&#8221;#333333&#8243; text_font_size=&#8221;25px&#8221; custom_margin=&#8221;30px||&#8221; animation_style=&#8221;slide&#8221; animation_direction=&#8221;left&#8221; animation_duration=&#8221;1300ms&#8221; animation_intensity_slide=&#8221;10%&#8221;] O N\u00c1S [\/et_pb_text][et_pb_divider color=&#8221;#d4a793&#8243; divider_weight=&#8221;4px&#8221; _builder_version=&#8221;3.24.1&#8243; width=&#8221;7%&#8221; module_alignment=&#8221;center&#8221; animation_style=&#8221;slide&#8221; animation_direction=&#8221;left&#8221; animation_duration=&#8221;1300ms&#8221; animation_intensity_slide=&#8221;10%&#8221;][\/et_pb_divider][\/et_pb_column][\/et_pb_row][\/et_pb_section][et_pb_section fb_built=&#8221;1&#8243; admin_label=&#8221;section&#8221; _builder_version=&#8221;3.25.3&#8243; background_color=&#8221;#f7f7f7&#8243; custom_padding=&#8221;0px|||||&#8221; disabled_on=&#8221;on|off|off&#8221;][et_pb_row use_custom_gutter=&#8221;on&#8221; gutter_width=&#8221;2&#8243; custom_padding=&#8221;0px|||||&#8221; admin_label=&#8221;row&#8221; _builder_version=&#8221;3.25&#8243; background_size=&#8221;initial&#8221; background_position=&#8221;top_left&#8221; background_repeat=&#8221;repeat&#8221; column_structure=&#8221;1_2,1_4,1_4&#8243;][et_pb_column type=&#8221;1_2&#8243; _builder_version=&#8221;3.25&#8243; custom_padding=&#8221;|||&#8221; custom_padding__hover=&#8221;|||&#8221;][et_pb_text admin_label=&#8221;Text&#8221; _builder_version=&#8221;3.24.1&#8243; background_color=&#8221;#ffffff&#8221; background_size=&#8221;initial&#8221; [&hellip;]<\/p>\n","protected":false},"author":1,"featured_media":0,"parent":0,"menu_order":0,"comment_status":"closed","ping_status":"closed","template":"","meta":{"_et_pb_use_builder":"on","_et_pb_old_content":"<strong>MAKEUP ORGANIZER s.r.o.\u00a0<\/strong>je novou \u010deskou zna\u010dkou kosmetick\u00fdch organiz\u00e9r\u016f, kter\u00e1 vznikla v\u00a0listopadu 2016. P\u0159in\u00e1\u0161\u00edme V\u00e1m\u00a0 \u0161irokou \u0161k\u00e1lu v\u00fdrobk\u016f. Od z\u00e1kladn\u00edch organiz\u00e9r\u016f (stoj\u00e1nk\u016f) na V\u00e1\u0161 kosmetick\u00fd stolek, po organiz\u00e9ry (po\u0159ada\u010de) do \u0161upl\u00edk\u016f, a\u017e po velk\u00e9 z\u00e1suvkov\u00e9 organiz\u00e9ry , kter\u00e9 reflektuj\u00ed nov\u00e9 trendy . Jsme schopni V\u00e1m nechat vyrobit V\u00e1\u0161 vysn\u011bn\u00fd organiz\u00e9r, kter\u00fd si sami navrhnete\u00a0 p\u0159esn\u011b tak jak V\u00e1m bude vyhovovat.\r\n\r\nV\u00fdrobky jsme schopni dod\u00e1vat\u00a0 t\u00e9\u017e do \u00a0e-shop\u016f a prodejen. V p\u0159\u00edpad\u011b z\u00e1jmu o velkoobchodn\u00ed odb\u011br n\u00e1s kontaktujte.","_et_gb_content_width":""},"_links":{"self":[{"href":"https:\/\/www.makeuporganizer.cz\/index.php?rest_route=\/wp\/v2\/pages\/77"}],"collection":[{"href":"https:\/\/www.makeuporganizer.cz\/index.php?rest_route=\/wp\/v2\/pages"}],"about":[{"href":"https:\/\/www.makeuporganizer.cz\/index.php?rest_route=\/wp\/v2\/types\/page"}],"author":[{"embeddable":true,"href":"https:\/\/www.makeuporganizer.cz\/index.php?rest_route=\/wp\/v2\/users\/1"}],"replies":[{"embeddable":true,"href":"https:\/\/www.makeuporganizer.cz\/index.php?rest_route=%2Fwp%2Fv2%2Fcomments&post=77"}],"version-history":[{"count":10,"href":"https:\/\/www.makeuporganizer.cz\/index.php?rest_route=\/wp\/v2\/pages\/77\/revisions"}],"predecessor-version":[{"id":2875,"href":"https:\/\/www.makeuporganizer.cz\/index.php?rest_route=\/wp\/v2\/pages\/77\/revisions\/2875"}],"wp:attachment":[{"href":"https:\/\/www.makeuporganizer.cz\/index.php?rest_route=%2Fwp%2Fv2%2Fmedia&parent=77"}],"curies":[{"name":"wp","href":"https:\/\/api.w.org\/{rel}","templated":true}]}}